{"id":401,"date":"2018-02-08T09:48:06","date_gmt":"2018-02-08T09:48:06","guid":{"rendered":"http:\/\/md.allegro-ma-non-troppo.de\/?page_id=401"},"modified":"2026-02-26T21:07:59","modified_gmt":"2026-02-26T20:07:59","slug":"ergo-bella","status":"publish","type":"page","link":"https:\/\/michaeldossow.de\/?page_id=401","title":{"rendered":"ergo bella"},"content":{"rendered":"<p>Die Gitarrenst\u00fctze <strong><em>ergo bella<\/em><\/strong>\u00a0ist zu beziehen \u00fcber die Gitarrenbauer Brunswicker-Apelt. Auf deren <a href=\"http:\/\/www.brunswicker-apelt.de\/seiten\/07-Gitarrenstutzen.html\" target=\"_blank\" rel=\"noopener\">Homepage\u00a0www.brunswicker-apelt.de<\/a> finden sich weitere Detailbilder.<\/p>\n<p><em><b>ergo bella<\/b><\/em><\/p>\n<p><span><b>die sichere, flexible und \u00e4sthetische Gitarrenst\u00fctze<br \/>\n<\/b><\/span><span><b>von dem Gitarristen Michael Dossow entwickelt und erprobt<br \/>\n<\/b><\/span><span><b>von den Gitarrenbaumeistern Brunswicker und Apelt hergestellt<\/b><\/span><\/p>\n<p><a href=\"https:\/\/michaeldossow.de\/?attachment_id=407\" rel=\"attachment wp-att-407\"><img loading=\"lazy\" decoding=\"async\" src=\"https:\/\/michaeldossow.de\/wp-content\/uploads\/2018\/02\/ergobruns-150x150.jpg\" alt=\"\" width=\"150\" height=\"150\" class=\"alignleft size-thumbnail wp-image-407\" \/><\/a><\/p>\n<ul>\n<li><span><\/span><span>Durch die vorbestimmten Winkel und die Befestigung am Unterbug der Gitarre kommt die <\/span><span><b>ergo bella<\/b><\/span><span> ohne langes, h\u00e4\u00dfliches Distanzst\u00fcck zwischen Gitarre und Oberschenkel aus. Sie ist daher sehr unauff\u00e4llig.<\/span><\/li>\n<\/ul>\n<ul>\n<li><span><\/span><span>Durch die gediegene Holzkonstruktion verbunden mit Messingteilen und die der Gitarre nachgebildeten Farbgebung (Modell andante) bzw. genauen Nachbildung von Gitarrendecke, Randeinlage und Zarge (Modell allegro), ist die <\/span><span><b>ergo bella<\/b><\/span><span><b> <\/b>eine ausgesprochen \u00e4sthetische und unauff\u00e4llige L\u00f6sung.<\/span><\/li>\n<\/ul>\n<ul>\n<li><span><\/span><span>Durch die Befestigung am Unterbug ergibt sich eine Haltung, die sich grundlegend von der bei am Oberbug befestigten Gitarrenst\u00fctzen unterscheidet.\u00a0 Die Gitarre pa\u00dft sich der nat\u00fcrlichen Sitzhaltung an &#8211; nicht umgekehrt!<\/span><\/li>\n<\/ul>\n<ul>\n<li><span><\/span><span>Der Gitarrist \/ die Gitarristin sitzt gesund aufrecht.\u00a0 Die aufrechte Sitzhaltung ist auch optisch ansprechend.<\/span><\/li>\n<\/ul>\n<ul>\n<li><span><\/span><span>Die Gitarre strahlt in einem g\u00fcnstigen Winkel ab; sie wird durch die geringe Ber\u00fchrungsfl\u00e4che mit dem Oberk\u00f6rper wenig abged\u00e4mpft und ist somit lauter.<\/span><\/li>\n<\/ul>\n<ul>\n<li><span><\/span><span>Durch die steilere Haltung des Instruments gibt es kein stark abgeknicktes linkes Handgelenk mehr.<\/span><\/li>\n<\/ul>\n<ul>\n<li><span><\/span><span>Auch das Problem mit der Auflage des rechten Unterarmes auf der Kante von Zarge und Decke entf\u00e4llt, da der rechte Unterarm beinahe parallel zur Gitarrendecke liegt.<\/span><\/li>\n<\/ul>\n<ul>\n<li><span><\/span><span>Durch die kurze Distanz vom Oberschenkel zur Gitarre entsteht kein &#8222;entfremdetes&#8220; Gef\u00fchl. Verschiedene Gelenke der <\/span><span><b>ergo bella<\/b><\/span><span><b> <\/b>erlauben K\u00f6rperbewegungen bei sicherer Haltung des Instruments, wobei sich die Drehm\u00f6glichkeit um die vertikale Achse f\u00fcr eine noch sichere Haltung arretieren l\u00e4\u00dft.<\/span><\/li>\n<\/ul>\n<ul>\n<li><span><\/span><span>Die gro\u00dfen Auflagefl\u00e4chen des Zargenbefestigungsteiles ergeben auf allen Lacken eine sichere Befestigung am Instrument ohne punktuelle Belastung.<\/span><\/li>\n<\/ul>\n<ul>\n<li><span><\/span><span>Die Gitarrenst\u00fctze pa\u00dft &#8211; in zwei Teile zerlegt &#8211; in den Gitarrenkoffer.<\/span><\/li>\n<\/ul>\n<ul><\/ul>\n<p><span><b>Idee:<\/b><span class=\"Apple-tab-span\"> <\/span><b><br \/>\n<\/b><\/span><span>Michael Dossow<br \/>\nKonzertgitarrist, Gitarrenp\u00e4dagoge<br \/>\n04621\/36594<br \/>\n<\/span><\/p>\n<p><span><b>Herstellung:<\/b><br \/>\nMargarete Brunswicker-Apelt, Gitarrenbaumeisterin<br \/>\nChristian Apelt,\u00a0<\/span><span>Gitarrenbaumeister<\/span><\/p>\n<p><span>Im Dorfe 4<span class=\"Apple-tab-span\"> <\/span>H\u00fchnerweg 8<br \/>\n<\/span><span>60599 Frankfurt<br \/>\n069\/617770<br \/>\n<\/span><\/p>\n\n\t\t<style type=\"text\/css\">\n\t\t\t#gallery-1 {\n\t\t\t\tmargin: auto;\n\t\t\t}\n\t\t\t#gallery-1 .gallery-item {\n\t\t\t\tfloat: left;\n\t\t\t\tmargin-top: 10px;\n\t\t\t\ttext-align: center;\n\t\t\t\twidth: 25%;\n\t\t\t}\n\t\t\t#gallery-1 img {\n\t\t\t\tborder: 2px solid #cfcfcf;\n\t\t\t}\n\t\t\t#gallery-1 .gallery-caption {\n\t\t\t\tmargin-left: 0;\n\t\t\t}\n\t\t\t\/* see gallery_shortcode() in wp-includes\/media.php *\/\n\t\t<\/style>\n\t\t<div id='gallery-1' class='gallery galleryid-401 gallery-columns-4 gallery-size-medium'><dl class='gallery-item'>\n\t\t\t<dt class='gallery-icon landscape'>\n\t\t\t\t<a href='https:\/\/michaeldossow.de\/?attachment_id=832'><img loading=\"lazy\" decoding=\"async\" width=\"300\" height=\"247\" src=\"https:\/\/michaeldossow.de\/wp-content\/uploads\/2018\/02\/sechs-ergo-bella-300x247.jpg\" class=\"attachment-medium size-medium\" alt=\"\" aria-describedby=\"gallery-1-832\" srcset=\"https:\/\/michaeldossow.de\/wp-content\/uploads\/2018\/02\/sechs-ergo-bella-300x247.jpg 300w, https:\/\/michaeldossow.de\/wp-content\/uploads\/2018\/02\/sechs-ergo-bella-768x633.jpg 768w, https:\/\/michaeldossow.de\/wp-content\/uploads\/2018\/02\/sechs-ergo-bella-1024x844.jpg 1024w, https:\/\/michaeldossow.de\/wp-content\/uploads\/2018\/02\/sechs-ergo-bella.jpg 1378w\" sizes=\"auto, (max-width: 300px) 100vw, 300px\" \/><\/a>\n\t\t\t<\/dt>\n\t\t\t\t<dd class='wp-caption-text gallery-caption' id='gallery-1-832'>\n\t\t\t\tverschiedene Designs\n\t\t\t\t<\/dd><\/dl><dl class='gallery-item'>\n\t\t\t<dt class='gallery-icon portrait'>\n\t\t\t\t<a href='https:\/\/michaeldossow.de\/?attachment_id=408'><img loading=\"lazy\" decoding=\"async\" width=\"226\" height=\"300\" src=\"https:\/\/michaeldossow.de\/wp-content\/uploads\/2018\/02\/ergomargarete2-e1518629976470-226x300.jpg\" class=\"attachment-medium size-medium\" alt=\"\" aria-describedby=\"gallery-1-408\" srcset=\"https:\/\/michaeldossow.de\/wp-content\/uploads\/2018\/02\/ergomargarete2-e1518629976470-226x300.jpg 226w, https:\/\/michaeldossow.de\/wp-content\/uploads\/2018\/02\/ergomargarete2-e1518629976470.jpg 265w\" sizes=\"auto, (max-width: 226px) 100vw, 226px\" \/><\/a>\n\t\t\t<\/dt>\n\t\t\t\t<dd class='wp-caption-text gallery-caption' id='gallery-1-408'>\n\t\t\t\tergo bella Allegro\n\t\t\t\t<\/dd><\/dl><dl class='gallery-item'>\n\t\t\t<dt class='gallery-icon portrait'>\n\t\t\t\t<a href='https:\/\/michaeldossow.de\/?attachment_id=608'><img loading=\"lazy\" decoding=\"async\" width=\"200\" height=\"300\" src=\"https:\/\/michaeldossow.de\/wp-content\/uploads\/2018\/02\/Gitarrenstutzeallegro-200x300.jpg\" class=\"attachment-medium size-medium\" alt=\"\" aria-describedby=\"gallery-1-608\" srcset=\"https:\/\/michaeldossow.de\/wp-content\/uploads\/2018\/02\/Gitarrenstutzeallegro-200x300.jpg 200w, https:\/\/michaeldossow.de\/wp-content\/uploads\/2018\/02\/Gitarrenstutzeallegro.jpg 600w\" sizes=\"auto, (max-width: 200px) 100vw, 200px\" \/><\/a>\n\t\t\t<\/dt>\n\t\t\t\t<dd class='wp-caption-text gallery-caption' id='gallery-1-608'>\n\t\t\t\tergo bella Modell Allegro\n\t\t\t\t<\/dd><\/dl><dl class='gallery-item'>\n\t\t\t<dt class='gallery-icon landscape'>\n\t\t\t\t<a href='https:\/\/michaeldossow.de\/?attachment_id=604'><img loading=\"lazy\" decoding=\"async\" width=\"300\" height=\"225\" src=\"https:\/\/michaeldossow.de\/wp-content\/uploads\/2018\/02\/ergo-bella-Allegro2-300x225.jpg\" class=\"attachment-medium size-medium\" alt=\"\" aria-describedby=\"gallery-1-604\" srcset=\"https:\/\/michaeldossow.de\/wp-content\/uploads\/2018\/02\/ergo-bella-Allegro2-300x225.jpg 300w, https:\/\/michaeldossow.de\/wp-content\/uploads\/2018\/02\/ergo-bella-Allegro2-768x576.jpg 768w, https:\/\/michaeldossow.de\/wp-content\/uploads\/2018\/02\/ergo-bella-Allegro2.jpg 1024w\" sizes=\"auto, (max-width: 300px) 100vw, 300px\" \/><\/a>\n\t\t\t<\/dt>\n\t\t\t\t<dd class='wp-caption-text gallery-caption' id='gallery-1-604'>\n\t\t\t\tergo bella Modell Allegro\n\t\t\t\t<\/dd><\/dl><br style=\"clear: both\" \/><dl class='gallery-item'>\n\t\t\t<dt class='gallery-icon landscape'>\n\t\t\t\t<a href='https:\/\/michaeldossow.de\/?attachment_id=603'><img loading=\"lazy\" decoding=\"async\" width=\"300\" height=\"225\" src=\"https:\/\/michaeldossow.de\/wp-content\/uploads\/2018\/02\/ergo-bella-Allegro-300x225.jpg\" class=\"attachment-medium size-medium\" alt=\"\" aria-describedby=\"gallery-1-603\" srcset=\"https:\/\/michaeldossow.de\/wp-content\/uploads\/2018\/02\/ergo-bella-Allegro-300x225.jpg 300w, https:\/\/michaeldossow.de\/wp-content\/uploads\/2018\/02\/ergo-bella-Allegro-768x576.jpg 768w, https:\/\/michaeldossow.de\/wp-content\/uploads\/2018\/02\/ergo-bella-Allegro.jpg 1024w\" sizes=\"auto, (max-width: 300px) 100vw, 300px\" \/><\/a>\n\t\t\t<\/dt>\n\t\t\t\t<dd class='wp-caption-text gallery-caption' id='gallery-1-603'>\n\t\t\t\tergo bella Modell Allegro\n\t\t\t\t<\/dd><\/dl><dl class='gallery-item'>\n\t\t\t<dt class='gallery-icon landscape'>\n\t\t\t\t<a href='https:\/\/michaeldossow.de\/?attachment_id=605'><img loading=\"lazy\" decoding=\"async\" width=\"300\" height=\"225\" src=\"https:\/\/michaeldossow.de\/wp-content\/uploads\/2018\/02\/ergo-bella-Andante-300x225.jpg\" class=\"attachment-medium size-medium\" alt=\"\" aria-describedby=\"gallery-1-605\" srcset=\"https:\/\/michaeldossow.de\/wp-content\/uploads\/2018\/02\/ergo-bella-Andante-300x225.jpg 300w, https:\/\/michaeldossow.de\/wp-content\/uploads\/2018\/02\/ergo-bella-Andante-768x576.jpg 768w, https:\/\/michaeldossow.de\/wp-content\/uploads\/2018\/02\/ergo-bella-Andante.jpg 1024w\" sizes=\"auto, (max-width: 300px) 100vw, 300px\" \/><\/a>\n\t\t\t<\/dt>\n\t\t\t\t<dd class='wp-caption-text gallery-caption' id='gallery-1-605'>\n\t\t\t\tergo bella Modell Andante (schwarz)\n\t\t\t\t<\/dd><\/dl><dl class='gallery-item'>\n\t\t\t<dt class='gallery-icon portrait'>\n\t\t\t\t<a href='https:\/\/michaeldossow.de\/?attachment_id=407'><img loading=\"lazy\" decoding=\"async\" width=\"176\" height=\"300\" src=\"https:\/\/michaeldossow.de\/wp-content\/uploads\/2018\/02\/ergobruns-176x300.jpg\" class=\"attachment-medium size-medium\" alt=\"\" srcset=\"https:\/\/michaeldossow.de\/wp-content\/uploads\/2018\/02\/ergobruns-176x300.jpg 176w, https:\/\/michaeldossow.de\/wp-content\/uploads\/2018\/02\/ergobruns.jpg 304w\" sizes=\"auto, (max-width: 176px) 100vw, 176px\" \/><\/a>\n\t\t\t<\/dt><\/dl><dl class='gallery-item'>\n\t\t\t<dt class='gallery-icon landscape'>\n\t\t\t\t<a href='https:\/\/michaeldossow.de\/?attachment_id=406'><img loading=\"lazy\" decoding=\"async\" width=\"300\" height=\"274\" src=\"https:\/\/michaeldossow.de\/wp-content\/uploads\/2018\/02\/ergobrunde-300x274.jpg\" class=\"attachment-medium size-medium\" alt=\"\" aria-describedby=\"gallery-1-406\" srcset=\"https:\/\/michaeldossow.de\/wp-content\/uploads\/2018\/02\/ergobrunde-300x274.jpg 300w, https:\/\/michaeldossow.de\/wp-content\/uploads\/2018\/02\/ergobrunde.jpg 307w\" sizes=\"auto, (max-width: 300px) 100vw, 300px\" \/><\/a>\n\t\t\t<\/dt>\n\t\t\t\t<dd class='wp-caption-text gallery-caption' id='gallery-1-406'>\n\t\t\t\tergo bella Allegro\n\t\t\t\t<\/dd><\/dl><br style=\"clear: both\" \/>\n\t\t<\/div>\n\n","protected":false},"excerpt":{"rendered":"<p>Die Gitarrenst\u00fctze ergo bella\u00a0ist zu beziehen \u00fcber die Gitarrenbauer Brunswicker-Apelt. Auf deren Homepage\u00a0www.brunswicker-apelt.de finden sich weitere Detailbilder. ergo bella die sichere, flexible und \u00e4sthetische Gitarrenst\u00fctze von dem Gitarristen Michael Dossow entwickelt und erprobt von den Gitarrenbaumeistern Brunswicker und Apelt hergestellt Durch die vorbestimmten Winkel und die Befestigung am Unterbug der [&hellip;]<\/p>\n","protected":false},"author":1,"featured_media":832,"parent":0,"menu_order":0,"comment_status":"closed","ping_status":"closed","template":"page-templates\/template-fullwidth.php","meta":{"footnotes":""},"class_list":["post-401","page","type-page","status-publish","has-post-thumbnail","hentry"],"_links":{"self":[{"href":"https:\/\/michaeldossow.de\/index.php?rest_route=\/wp\/v2\/pages\/401","targetHints":{"allow":["GET"]}}],"collection":[{"href":"https:\/\/michaeldossow.de\/index.php?rest_route=\/wp\/v2\/pages"}],"about":[{"href":"https:\/\/michaeldossow.de\/index.php?rest_route=\/wp\/v2\/types\/page"}],"author":[{"embeddable":true,"href":"https:\/\/michaeldossow.de\/index.php?rest_route=\/wp\/v2\/users\/1"}],"replies":[{"embeddable":true,"href":"https:\/\/michaeldossow.de\/index.php?rest_route=%2Fwp%2Fv2%2Fcomments&post=401"}],"version-history":[{"count":17,"href":"https:\/\/michaeldossow.de\/index.php?rest_route=\/wp\/v2\/pages\/401\/revisions"}],"predecessor-version":[{"id":1808,"href":"https:\/\/michaeldossow.de\/index.php?rest_route=\/wp\/v2\/pages\/401\/revisions\/1808"}],"wp:featuredmedia":[{"embeddable":true,"href":"https:\/\/michaeldossow.de\/index.php?rest_route=\/wp\/v2\/media\/832"}],"wp:attachment":[{"href":"https:\/\/michaeldossow.de\/index.php?rest_route=%2Fwp%2Fv2%2Fmedia&parent=401"}],"curies":[{"name":"wp","href":"https:\/\/api.w.org\/{rel}","templated":true}]}}