{"id":1177,"date":"2022-08-18T20:38:33","date_gmt":"2022-08-18T19:38:33","guid":{"rendered":"http:\/\/michaeldossow.de\/?page_id=1177"},"modified":"2022-08-18T22:31:59","modified_gmt":"2022-08-18T21:31:59","slug":"soloprogramm-2022","status":"publish","type":"page","link":"https:\/\/michaeldossow.de\/?page_id=1177","title":{"rendered":"Soloprogramm 2022"},"content":{"rendered":"\n<h3 class=\"wp-block-heading\"><\/h3>\n\n\n\n<div class=\"wp-block-group\"><div class=\"wp-block-group__inner-container is-layout-flow wp-block-group-is-layout-flow\">\n<h4 class=\"wp-block-heading\">John Dowland*\u00a0 \u00a0(1562-1626) \u00a0 \u00a0\u00a0 <\/h4>\n\n\n\n<p>Melancholy Galliarde<br>Fantasie<\/p>\n\n\n\n<p><\/p>\n<\/div><\/div>\n\n\n\n<h6 class=\"wp-block-heading\"> <\/h6>\n\n\n\n<h4 class=\"wp-block-heading\">Heitor Villa-Lobos    (1887-1959)<\/h4>\n\n\n\n<div class=\"wp-block-group\"><div class=\"wp-block-group__inner-container is-layout-flow wp-block-group-is-layout-flow\">\n<p class=\"has-text-align-left\">Pr\u00e9lude Nr. 1, e-moll, Andantino espressivo &#8211; Piu mosso &#8211; Tempo I<br>Pr\u00e9lude Nr. 2, E-dur, Andantino- Piu mosso &#8211; Tempo I        <br>Pr\u00e9lude Nr. 3, a-moll, Andante-Molto adagio e dolorido<\/p>\n\n\n\n<p class=\"has-text-align-left\">Pr\u00e9lude Nr. 4, e-moll, Lento &#8211; Animato &#8211; Moderato &#8211; Lento                           <\/p>\n\n\n\n<p class=\"has-text-align-left\">Pr\u00e9lude Nr. 5, D-Dur, Poco animato &#8211; Meno &#8211; Piu mosso &#8211; Tempo I                                                            <\/p>\n<\/div><\/div>\n\n\n\n<p class=\"has-text-align-left\">(aus den Cinq Pr\u00e9ludes)<\/p>\n\n\n\n<p class=\"has-text-align-left\"><\/p>\n\n\n\n<p><\/p>\n\n\n\n<h6 class=\"wp-block-heading\">   <\/h6>\n\n\n\n<p><\/p>\n\n\n\n<p><\/p>\n\n\n\n<h4 class=\"wp-block-heading\">Leo Brouwer\u00a0\u00a0\u00a0(*1939)\u00a0\u00a0\u00a0\u00a0\u00a0\u00a0\u00a0\u00a0\u00a0 <\/h4>\n\n\n\n<p>Un Dia de Noviembre (1968)<br>Paisaje Cubano con Fiesta<br>Canci\u00f3n de Cuna (Wiegenlied)<br>Elogio de la Danza (1964)<\/p>\n\n\n\n<p><\/p>\n\n\n\n<h6 class=\"wp-block-heading\"><\/h6>\n\n\n\n<h4 class=\"wp-block-heading\">Isaac Alb\u00e9niz\u00a0\u00a0\u00a0\u00a0\u00a0\u00a0\u00a0\u00a0\u00a0(1860-1909) \u00a0\u00a0 <\/h4>\n\n\n\n<p>Granada\u00a0\u00a0\u00a0\u00a0\u00a0\u00a0\u00a0\u00a0\u00a0\u00a0\u00a0\u00a0\u00a0\u00a0 <em>(Transkription Francesco Tarrega)<\/em><br>C\u00e1diz\u00a0\u00a0\u00a0\u00a0\u00a0\u00a0\u00a0\u00a0\u00a0\u00a0\u00a0\u00a0\u00a0\u00a0\u00a0\u00a0\u00a0\u00a0\u00a0\u00a0 <em>(Transkription Francesco Tarrega)<\/em><br>Rumores De La Caleta\u00a0 (Transkription Jos\u00e9 de Azpiazu) \u00a0 \u00a0\u00a0\u00a0\u00a0\u00a0\u00a0\u00a0\u00a0\u00a0\u00a0\u00a0\u00a0\u00a0\u00a0\u00a0\u00a0\u00a0\u00a0\u00a0\u00a0\u00a0\u00a0\u00a0\u00a0          <\/p>\n\n\n\n<p><em>(aus der Suite Espa\u00f1ola)<\/em><\/p>\n\n\n\n<p><\/p>\n\n\n\n<p><\/p>\n\n\n\n<h6 class=\"wp-block-heading\"><strong>Gitarren:<\/strong><br>Stefan Zander &#8211; Konzertgitarre 2016<br>*Michael Dossow &#8211; 8-saitige Terzgitarre (Modell G.-K. Hannabach) 1982<\/h6>\n\n\n\n<div class=\"wp-block-group is-layout-flow wp-block-group-is-layout-flow\"><div class=\"wp-block-group__inner-container\"><\/div><\/div>\n\n\n\n<p><\/p>\n","protected":false},"excerpt":{"rendered":"<p>John Dowland*\u00a0 \u00a0(1562-1626) \u00a0 \u00a0\u00a0 Melancholy GalliardeFantasie Heitor Villa-Lobos (1887-1959) Pr\u00e9lude Nr. 1, e-moll, Andantino espressivo &#8211; Piu mosso &#8211; Tempo IPr\u00e9lude Nr. 2, E-dur, Andantino- Piu mosso &#8211; Tempo I Pr\u00e9lude Nr. 3, a-moll, Andante-Molto adagio e dolorido Pr\u00e9lude Nr. 4, e-moll, Lento &#8211; Animato &#8211; Moderato &#8211; Lento [&hellip;]<\/p>\n","protected":false},"author":1,"featured_media":0,"parent":0,"menu_order":0,"comment_status":"closed","ping_status":"closed","template":"","meta":{"footnotes":""},"class_list":["post-1177","page","type-page","status-publish","hentry"],"_links":{"self":[{"href":"https:\/\/michaeldossow.de\/index.php?rest_route=\/wp\/v2\/pages\/1177","targetHints":{"allow":["GET"]}}],"collection":[{"href":"https:\/\/michaeldossow.de\/index.php?rest_route=\/wp\/v2\/pages"}],"about":[{"href":"https:\/\/michaeldossow.de\/index.php?rest_route=\/wp\/v2\/types\/page"}],"author":[{"embeddable":true,"href":"https:\/\/michaeldossow.de\/index.php?rest_route=\/wp\/v2\/users\/1"}],"replies":[{"embeddable":true,"href":"https:\/\/michaeldossow.de\/index.php?rest_route=%2Fwp%2Fv2%2Fcomments&post=1177"}],"version-history":[{"count":46,"href":"https:\/\/michaeldossow.de\/index.php?rest_route=\/wp\/v2\/pages\/1177\/revisions"}],"predecessor-version":[{"id":1255,"href":"https:\/\/michaeldossow.de\/index.php?rest_route=\/wp\/v2\/pages\/1177\/revisions\/1255"}],"wp:attachment":[{"href":"https:\/\/michaeldossow.de\/index.php?rest_route=%2Fwp%2Fv2%2Fmedia&parent=1177"}],"curies":[{"name":"wp","href":"https:\/\/api.w.org\/{rel}","templated":true}]}}